{"id":8,"date":"2018-06-19T15:43:58","date_gmt":"2018-06-19T15:43:58","guid":{"rendered":"https:\/\/stavanger-ssl.org\/?page_id=8"},"modified":"2026-02-03T22:26:22","modified_gmt":"2026-02-03T21:26:22","slug":"home","status":"publish","type":"page","link":"https:\/\/stavanger-ssl.org\/","title":{"rendered":"Home"},"content":{"rendered":"\n<div class=\"wp-block-media-text alignwide is-stacked-on-mobile\" style=\"grid-template-columns:19% auto\"><figure class=\"wp-block-media-text__media\"><img loading=\"lazy\" decoding=\"async\" width=\"334\" height=\"334\" src=\"https:\/\/stavanger-ssl.org\/wp-content\/uploads\/2018\/06\/SSSLogo.jpg\" alt=\"\" class=\"wp-image-42 size-full\" srcset=\"https:\/\/stavanger-ssl.org\/wp-content\/uploads\/2018\/06\/SSSLogo.jpg 334w, https:\/\/stavanger-ssl.org\/wp-content\/uploads\/2018\/06\/SSSLogo-150x150.jpg 150w, https:\/\/stavanger-ssl.org\/wp-content\/uploads\/2018\/06\/SSSLogo-300x300.jpg 300w, https:\/\/stavanger-ssl.org\/wp-content\/uploads\/2018\/06\/SSSLogo-220x220.jpg 220w, https:\/\/stavanger-ssl.org\/wp-content\/uploads\/2018\/06\/SSSLogo-50x50.jpg 50w\" sizes=\"auto, (max-width: 334px) 100vw, 334px\" \/><\/figure><div class=\"wp-block-media-text__content\">\n<h4 class=\"wp-block-heading\">Velkommen til Stavanger Sportsskytterlag<\/h4>\n\n\n\n<p>Stavanger Sportsskytterlag er en klubb tilknyttet&nbsp;Dynamisk Sportsskyting Norge (DSSN).<br>Vi driver med dynamisk sportsskyting p\u00e5 v\u00e5r bane ved&nbsp;Skytesenteret&nbsp;p\u00e5 \u00c5lg\u00e5rd.<\/p>\n\n\n\n<p>Du er hjertelig velkommen til \u00e5 ta kontakt med S-SSL p\u00e5 enten telefon (se siden for styret), post eller e-post.<br>Merk at du kan sende en e-post direkte til hvert styremedlem, se siden for <a href=\"https:\/\/stavanger-ssl.org\/?page_id=88\">Styret.<\/a><\/p>\n\n\n\n<p>Dersom du er medlem eller \u00f8nsker \u00e5 melde deg p\u00e5 kurs kan du ogs\u00e5 melde deg inn i v\u00e5r&nbsp;<a rel=\"noreferrer noopener\" href=\"https:\/\/www.facebook.com\/groups\/152396685198\/\" target=\"_blank\">Facebookgruppe.<\/a><\/p>\n<\/div><\/div>\n\n\n\n<hr class=\"wp-block-separator has-css-opacity\"\/>\n\n\n\n<div class=\"wp-block-media-text alignwide is-stacked-on-mobile\" style=\"grid-template-columns:19% auto\"><figure class=\"wp-block-media-text__media\"><img loading=\"lazy\" decoding=\"async\" width=\"100\" height=\"100\" src=\"https:\/\/stavanger-ssl.org\/wp-content\/uploads\/2018\/06\/dssn_logo_sirkel.png\" alt=\"\" class=\"wp-image-148 size-full\" srcset=\"https:\/\/stavanger-ssl.org\/wp-content\/uploads\/2018\/06\/dssn_logo_sirkel.png 100w, https:\/\/stavanger-ssl.org\/wp-content\/uploads\/2018\/06\/dssn_logo_sirkel-50x50.png 50w\" sizes=\"auto, (max-width: 100px) 100vw, 100px\" \/><\/figure><div class=\"wp-block-media-text__content\">\n<h4 class=\"wp-block-heading\"><strong><strong>Stavanger sportsskytterlag holder IPSC godkjenningskurs<\/strong><\/strong><\/h4>\n\n\n\n<p>Teori 23.03.2026<br>Praksis 18-19.04.2026<br><a href=\"https:\/\/forms.gle\/DbUsenWH8D8jM4Ff9\" data-type=\"URL\" target=\"_blank\" rel=\"noreferrer noopener\">Trykk her for p\u00e5melding<\/a><\/p>\n\n\n\n<p><\/p>\n\n\n\n<p><\/p>\n\n\n\n<p><\/p>\n\n\n\n<p><\/p>\n\n\n\n<p><strong> <\/strong><\/p>\n<\/div><\/div>\n\n\n\n<hr class=\"wp-block-separator has-css-opacity\"\/>\n\n\n\n<div style=\"height:100px\" aria-hidden=\"true\" class=\"wp-block-spacer\"><\/div>\n\n\n\n<div class=\"wp-block-media-text alignwide is-stacked-on-mobile\" style=\"grid-template-columns:28% auto\"><figure class=\"wp-block-media-text__media\"><img loading=\"lazy\" decoding=\"async\" width=\"225\" height=\"126\" src=\"https:\/\/stavanger-ssl.org\/wp-content\/uploads\/2020\/04\/Skytesenteret.jpg\" alt=\"\" class=\"wp-image-371 size-full\"\/><\/figure><div class=\"wp-block-media-text__content\">\n<h4 class=\"wp-block-heading\">Stavanger SSL har bane p\u00e5 Skytesenteret p\u00e5 Skurve.<\/h4>\n\n\n\n<p>Dette er ett topp moderne anlegg for pistol og rifleskyting som&nbsp;har:<\/p>\n\n\n\n<ul class=\"wp-block-list\">\n<li>B\u00e5ser for dynamisk skyting.<\/li>\n\n\n\n<li>25m pistolbane med 50 standplasser<\/li>\n\n\n\n<li>100m riflebane med elektroniske skiver og l\u00f8pende elg.<\/li>\n<\/ul>\n\n\n\n<p>Skytesenteret tilbyr ogs\u00e5 privatmedlemskap der man kan trene utenfor klubbens treninger.<\/p>\n\n\n\n<p>Se link for mer info:<br><a href=\"http:\/\/www.skytesenteret.no\/\"><strong>Skytesenteteret AS<\/strong><\/a><\/p>\n<\/div><\/div>\n\n\n\n<figure class=\"wp-block-embed aligncenter is-type-video is-provider-youtube wp-block-embed-youtube wp-embed-aspect-16-9 wp-has-aspect-ratio\"><div class=\"wp-block-embed__wrapper\">\n<iframe loading=\"lazy\" title=\"Skytesenteret\" width=\"500\" height=\"281\" src=\"https:\/\/www.youtube.com\/embed\/0ZTi3gm8ht4?feature=oembed\" frameborder=\"0\" allow=\"accelerometer; autoplay; clipboard-write; encrypted-media; gyroscope; picture-in-picture; web-share\" referrerpolicy=\"strict-origin-when-cross-origin\" allowfullscreen><\/iframe>\n<\/div><\/figure>\n","protected":false},"excerpt":{"rendered":"<p>Velkommen til Stavanger Sportsskytterlag Stavanger Sportsskytterlag er en klubb tilknyttet&nbsp;Dynamisk Sportsskyting Norge (DSSN).Vi driver med dynamisk sportsskyting p\u00e5 v\u00e5r bane ved&nbsp;Skytesenteret&nbsp;p\u00e5 \u00c5lg\u00e5rd. Du er hjertelig velkommen til \u00e5 ta kontakt<\/p>\n","protected":false},"author":1,"featured_media":0,"parent":0,"menu_order":0,"comment_status":"closed","ping_status":"closed","template":"template-full-width.php","meta":{"footnotes":""},"class_list":["post-8","page","type-page","status-publish","hentry"],"_links":{"self":[{"href":"https:\/\/stavanger-ssl.org\/index.php?rest_route=\/wp\/v2\/pages\/8","targetHints":{"allow":["GET"]}}],"collection":[{"href":"https:\/\/stavanger-ssl.org\/index.php?rest_route=\/wp\/v2\/pages"}],"about":[{"href":"https:\/\/stavanger-ssl.org\/index.php?rest_route=\/wp\/v2\/types\/page"}],"author":[{"embeddable":true,"href":"https:\/\/stavanger-ssl.org\/index.php?rest_route=\/wp\/v2\/users\/1"}],"replies":[{"embeddable":true,"href":"https:\/\/stavanger-ssl.org\/index.php?rest_route=%2Fwp%2Fv2%2Fcomments&post=8"}],"version-history":[{"count":52,"href":"https:\/\/stavanger-ssl.org\/index.php?rest_route=\/wp\/v2\/pages\/8\/revisions"}],"predecessor-version":[{"id":524,"href":"https:\/\/stavanger-ssl.org\/index.php?rest_route=\/wp\/v2\/pages\/8\/revisions\/524"}],"wp:attachment":[{"href":"https:\/\/stavanger-ssl.org\/index.php?rest_route=%2Fwp%2Fv2%2Fmedia&parent=8"}],"curies":[{"name":"wp","href":"https:\/\/api.w.org\/{rel}","templated":true}]}}