{"id":88,"date":"2018-06-20T20:19:56","date_gmt":"2018-06-20T18:19:56","guid":{"rendered":"https:\/\/stavanger-ssl.org\/page_id=88"},"modified":"2025-03-02T10:51:27","modified_gmt":"2025-03-02T09:51:27","slug":"styret","status":"publish","type":"page","link":"https:\/\/stavanger-ssl.org\/?page_id=88","title":{"rendered":"Styret"},"content":{"rendered":"<p>Stavanger Sportsskytterlag har p\u00e5 \u00e5rsm\u00f8tet valgt f\u00f8lgende styre for 2025:<\/p>\n<p><strong>Formann<\/strong><br \/>\n<a href=\"mailto:formann@stavanger-ssl.org\">Ingebj\u00f8rn Solheim<\/a><br \/>\nMobil:\u00a0926 27 915<\/p>\n<p><strong>Nestformann:<\/strong><br \/>\n<a href=\"nestformann@stavanger-ssl.org\">Steinar Grundstr\u00f8m<\/a><\/p>\n<p><strong>Kasserer:<br \/>\n<\/strong><a href=\"mailto:kasserer@stavanger-ssl.org\">Stian Anke-Hansen\u00a0<\/a><\/p>\n<p><strong>Oppmann Pistol:<\/strong><br \/>\n<a href=\"mailto:oppmannpistol@stavanger-ssl.org\">Thomas Olaussen<\/a><\/p>\n<p><strong>Oppmann 2 Pistol:<br \/>\n<\/strong><a href=\"mailto:oppmannpistol2@stavanger-ssl.org\">Asgeir Auestad<\/a><\/p>\n<p><strong>Oppmann Rifle:<\/strong><br \/>\n<a href=\"oppmannrifle@stavanger-ssl.org\">Torstein Sirnes<\/a><\/p>\n<p><strong>Oppmann 2 Rifle:<br \/>\n<\/strong><a href=\"oppmannrifle2@stavanger-ssl.org\">Linh Bui<\/a><\/p>\n<p><strong>Oppmann Oppl\u00e6ring:<br \/>\n<\/strong><a href=\"mailto:opplaering@stavanger-ssl.org\">Olav Vatne<\/a><\/p>\n<p><strong>Materialforvalter:<br \/>\n<\/strong><a href=\"opplaering@stavanger-ssl.org\">Michael<\/a><a href=\"opplaering@stavanger-ssl.org\"> Kakakios<\/a><\/p>\n","protected":false},"excerpt":{"rendered":"<p>Stavanger Sportsskytterlag har p\u00e5 \u00e5rsm\u00f8tet valgt f\u00f8lgende styre for 2025: Formann Ingebj\u00f8rn Solheim Mobil:\u00a0926 27 915 Nestformann: Steinar Grundstr\u00f8m Kasserer: Stian Anke-Hansen\u00a0 Oppmann Pistol: Thomas Olaussen Oppmann 2 Pistol: Asgeir<\/p>\n","protected":false},"author":1,"featured_media":0,"parent":0,"menu_order":0,"comment_status":"closed","ping_status":"closed","template":"","meta":{"footnotes":""},"class_list":["post-88","page","type-page","status-publish","hentry"],"_links":{"self":[{"href":"https:\/\/stavanger-ssl.org\/index.php?rest_route=\/wp\/v2\/pages\/88","targetHints":{"allow":["GET"]}}],"collection":[{"href":"https:\/\/stavanger-ssl.org\/index.php?rest_route=\/wp\/v2\/pages"}],"about":[{"href":"https:\/\/stavanger-ssl.org\/index.php?rest_route=\/wp\/v2\/types\/page"}],"author":[{"embeddable":true,"href":"https:\/\/stavanger-ssl.org\/index.php?rest_route=\/wp\/v2\/users\/1"}],"replies":[{"embeddable":true,"href":"https:\/\/stavanger-ssl.org\/index.php?rest_route=%2Fwp%2Fv2%2Fcomments&post=88"}],"version-history":[{"count":12,"href":"https:\/\/stavanger-ssl.org\/index.php?rest_route=\/wp\/v2\/pages\/88\/revisions"}],"predecessor-version":[{"id":518,"href":"https:\/\/stavanger-ssl.org\/index.php?rest_route=\/wp\/v2\/pages\/88\/revisions\/518"}],"wp:attachment":[{"href":"https:\/\/stavanger-ssl.org\/index.php?rest_route=%2Fwp%2Fv2%2Fmedia&parent=88"}],"curies":[{"name":"wp","href":"https:\/\/api.w.org\/{rel}","templated":true}]}}