{"id":90,"date":"2018-06-20T20:20:35","date_gmt":"2018-06-20T18:20:35","guid":{"rendered":"http:\/\/s-ssl-2.cloudaccess.host\/?page_id=90"},"modified":"2020-05-25T22:29:38","modified_gmt":"2020-05-25T20:29:38","slug":"bli-medlem","status":"publish","type":"page","link":"https:\/\/stavanger-ssl.org\/?page_id=90","title":{"rendered":"Bli Medlem"},"content":{"rendered":"<p>Stavanger Sportsskytterlag \u00f8nsker alltid nye medlemmer velkommen.<br \/>\nBegynn med dynamisk skyting (tidligere kallt praktisk skyting) som sport i du ogs\u00e5!<\/p>\n<p>Det kreves litt av v\u00e5re skyttere for \u00e5 f\u00e5 lov til \u00e5 skyte dynamisk.<br \/>\nNye medlemmer uten tidligere kurs \/ tilknytting til en klubb i DSSN m\u00e5 melde seg p\u00e5 og fullf\u00f8re kurset f\u00f8r man kan bli medlem.<br \/>\nDu m\u00e5 ha v\u00e6rt aktiv i pistolklubb f\u00f8r du begynner med dynamisk skyting.<\/p>\n<p><span style=\"text-decoration: underline;\"><strong>Nybegynnerkurs:<\/strong><\/span><\/p>\n<p>Kurs for personer som\u00a0ikke\u00a0har eget v\u00e5pen eller uten v\u00e5pen erfaring er for tiden ikkje tilgjengelig hos oss, grunnet kapasitet.<\/p>\n<p><span style=\"text-decoration: underline;\"><strong>Godkjenningskurs nye skyttere IPSC:<\/strong><\/span><\/p>\n<p>For personer som har eget v\u00e5pen, egnet for sporten (se regelverk for Pistol).<br \/>\nFor \u00e5 kunne delta p\u00e5 Godkjenningskurs nye skyttere IPSC m\u00e5 man ha erfaring med pistolskyting og inneha minimum et registrert h\u00e5ndv\u00e5pen. Med erfaring menes at man er aktiv medlem i en pistolklubb og gjennomf\u00f8rt deres sikkerhetskurs.<\/p>\n<div>Grunnkurset arrangeres med jevne mellomrom, etter kapasitet og ved behov. Det best\u00e5r av en teoridel med eksamen, og en praktisk del med skyte\u00f8velser, samt gjennomf\u00f8re et godkjenningsstevne lokalt. Alle 3 delene m\u00e5 best\u00e5s for \u00e5 f\u00e5 grunnkurset godkjent. Med godkjent kurs kan man delta i alle stevner og arrangementer i regi av S-SSL, og \u00e5pne stevner hos klubber tilsluttet v\u00e5rt forbund DSSN (Dynamisk SportsSkyting Norge) og IPSC (det internasjonale forbundet).<\/div>\n<h3><span style=\"color: #3366ff;\"><a style=\"color: #3366ff;\" href=\"http:\/\/s-ssl.cloudaccess.net\/?page_id=92\">Mer informasjon om IPSC Godkjenningskurs<\/a><\/span><\/h3>\n<p><span style=\"text-decoration: underline;\"><strong>Medlemskap:<\/strong><\/span><\/p>\n<p>Fullverdig medlem: kr. 850,- per kalender\u00e5r<\/p>\n<p>Familiemedlem: kr. 200,- per kalender\u00e5r<\/p>\n<p>Forbundsmedlemsskap kommer i tillegg.<\/p>\n<p><span style=\"text-decoration: underline;\">Som fullverdig medlem i S-SSL har du f\u00f8lgende fordeler:<\/span><\/p>\n<ul>\n<li>Muligheter til \u00e5 delta p\u00e5 dynamiske stevner b\u00e5de pistol\/revolver og rifle.<\/li>\n<li>Muligheter til \u00e5 delta p\u00e5 sivilpistol-, steelchallenge- og secondchance- stevner.<\/li>\n<li>Tilgang til stort utend\u00f8rs treningsomr\u00e5de med tilh\u00f8rende utstyr.<\/li>\n<li>St\u00f8tter opp om regulert og kontrollert skyting som sport.<\/li>\n<\/ul>\n<p><span style=\"text-decoration: underline;\"><strong>Klubbskifte:<\/strong><\/span><\/p>\n<p>Dersom du allerede er medlem av en annen klubb tilsluttet DSSN og \u00f8nsker og skifte klubb, m\u00e5 dette varsles til DSSN, klubben du er medlem av og til klubben du \u00f8nsker \u00e5 bli medlem av.<br \/>\nI utgangspunktet kan klubbskifte kun skje ved \u00e5rsskiftet og f\u00f8r forbundskontigent sendes ut.\u00a0Husk at alle forpliktelser overfor gammel klubb m\u00e5 v\u00e6re gjort opp f\u00f8r klubbovergang.<\/p>\n<p><span style=\"text-decoration: underline;\"><strong>Gjenoppta dynamisk sportsskyting:<\/strong><\/span><\/p>\n<p>Dersom du allerede har grunnkurs, fra tidligere medlemsskap eller andre dynamisk skytende klubber, kontakt oss via epost.<\/p>\n<p>Vi trenger da f\u00f8lgende info:<\/p>\n<ul>\n<li>Navn<\/li>\n<li>Adresse<\/li>\n<li>Post-nummer og -sted<\/li>\n<li>Telefon og mobil<\/li>\n<li>E-post adresse<\/li>\n<li>F\u00f8dselsdato<\/li>\n<li>Klubb som utf\u00f8rte kurset og n\u00e5r kurset ble tatt<\/li>\n<li>Tidligere medlemsnummer i DSSN (Tidligere NFPS)<\/li>\n<li>Dato for utmelding av forbund \/ klubb.<\/li>\n<\/ul>\n<p>Dersom\u00a0du ikke har v\u00e6rt medlem av en klubb tilknyttet DSSN i l\u00f8pet av de siste 5 \u00e5rene m\u00e5 ett kort oppfriskningskurs gjennomf\u00f8res f\u00f8r det kan deltas p\u00e5 trening \/ matcher.<br \/>\nDette er for \u00e5 s\u00f8rge for at medlemmet settes inn i oppdaterte regler \/ sikkerhetsinstrukser.<br \/>\nHvis det er 10 \u00e5r eller mer siden du har v\u00e6rt medlem av en klubb tilknyttet DSSN m\u00e5 nytt godkjenningskurs gjennomf\u00f8res.<\/p>\n<p><strong>Utmelding:<\/strong><\/p>\n<p>Utmelding m\u00e5 skje skriftlig b\u00e5de til klubb og forbund f\u00f8r 31. Desember innev\u00e6rende \u00e5r.<\/p>\n","protected":false},"excerpt":{"rendered":"<p>Stavanger Sportsskytterlag \u00f8nsker alltid nye medlemmer velkommen. Begynn med dynamisk skyting (tidligere kallt praktisk skyting) som sport i du ogs\u00e5! Det kreves litt av v\u00e5re skyttere for \u00e5 f\u00e5 lov<\/p>\n","protected":false},"author":1,"featured_media":0,"parent":0,"menu_order":0,"comment_status":"closed","ping_status":"closed","template":"","meta":{"footnotes":""},"class_list":["post-90","page","type-page","status-publish","hentry"],"_links":{"self":[{"href":"https:\/\/stavanger-ssl.org\/index.php?rest_route=\/wp\/v2\/pages\/90","targetHints":{"allow":["GET"]}}],"collection":[{"href":"https:\/\/stavanger-ssl.org\/index.php?rest_route=\/wp\/v2\/pages"}],"about":[{"href":"https:\/\/stavanger-ssl.org\/index.php?rest_route=\/wp\/v2\/types\/page"}],"author":[{"embeddable":true,"href":"https:\/\/stavanger-ssl.org\/index.php?rest_route=\/wp\/v2\/users\/1"}],"replies":[{"embeddable":true,"href":"https:\/\/stavanger-ssl.org\/index.php?rest_route=%2Fwp%2Fv2%2Fcomments&post=90"}],"version-history":[{"count":12,"href":"https:\/\/stavanger-ssl.org\/index.php?rest_route=\/wp\/v2\/pages\/90\/revisions"}],"predecessor-version":[{"id":450,"href":"https:\/\/stavanger-ssl.org\/index.php?rest_route=\/wp\/v2\/pages\/90\/revisions\/450"}],"wp:attachment":[{"href":"https:\/\/stavanger-ssl.org\/index.php?rest_route=%2Fwp%2Fv2%2Fmedia&parent=90"}],"curies":[{"name":"wp","href":"https:\/\/api.w.org\/{rel}","templated":true}]}}