{"id":92,"date":"2018-06-20T20:21:19","date_gmt":"2018-06-20T18:21:19","guid":{"rendered":"http:\/\/s-ssl-2.cloudaccess.host\/?page_id=92"},"modified":"2026-02-03T22:28:12","modified_gmt":"2026-02-03T21:28:12","slug":"kurs","status":"publish","type":"page","link":"https:\/\/stavanger-ssl.org\/?page_id=92","title":{"rendered":"Kurs"},"content":{"rendered":"<h4><strong>Stavanger Sportsskytterlag Holder IPSC Godkjenningskurs.<\/strong><\/h4>\n<p>Vi setter opp kurs n\u00e5r vi har nok deltakere som viser interesse.<\/p>\n<h1>Teori 23.03.2026<br \/>\nPraksis 18-19.04.2026<br \/>\n<a href=\"https:\/\/forms.gle\/DbUsenWH8D8jM4Ff9\" target=\"_blank\" rel=\"noreferrer noopener\" data-type=\"URL\" data-id=\"https:\/\/forms.gle\/z9WrJKAkyijWsRUY7\">Trykk her for p\u00e5melding<\/a><\/h1>\n<p><span style=\"color: #000000;\">Bruk elektronisk skjema for \u00e5 melde deg p\u00e5 neste kurs!<br \/>\nBetales via Vipps #501283 (Stavanger Sportsskytterlag)<br \/>\n<\/span><span style=\"color: #000000;\">Merk betalingen med : &laquo;Godkjenningskurs nye skyttere&raquo;.<br \/>\n<\/span><span style=\"color: #000000;\">Endelig p\u00e5melding forutsetter betaling via vipps og p\u00e5melding via skjema.\u00a0<\/span><\/p>\n<p><strong>\u00a0<img loading=\"lazy\" decoding=\"async\" class=\" wp-image-238 alignleft\" src=\"http:\/\/s-ssl.cloudaccess.net\/wp-content\/uploads\/2018\/11\/IPSC-Kurs-300x75.jpg\" alt=\"\" width=\"300\" height=\"75\" srcset=\"https:\/\/stavanger-ssl.org\/wp-content\/uploads\/2018\/11\/IPSC-Kurs-300x75.jpg 300w, https:\/\/stavanger-ssl.org\/wp-content\/uploads\/2018\/11\/IPSC-Kurs.jpg 400w\" sizes=\"auto, (max-width: 300px) 100vw, 300px\" \/><br \/>\n<\/strong><\/p>\n<p><span style=\"color: #000000;\"><strong>Kurset vil ha plass til 10 deltakere for \u00e5 sikre best mulig kvalitet p\u00e5 oppl\u00e6ringen.<\/strong><\/span><\/p>\n<p><span style=\"color: #000000;\"><strong>For \u00e5 kunne delta p\u00e5 &laquo;Godkjenningskurs nye skyttere IPSC&raquo; m\u00e5 man ha erfaring med pistolskyting og inneha minimum et registrert h\u00e5ndv\u00e5pen.<\/strong><\/span><br \/>\n<span style=\"color: #000000;\"><strong>Med erfaring menes at man er aktiv medlem i en pistolklubb og gjennomf\u00f8rt deres sikkerhetskurs.<\/strong><\/span><\/p>\n<div><span style=\"color: #000000;\">Kurset best\u00e5r av en teoridel med eksamen, og en praktisk del med skyte\u00f8velser, samt gjennomf\u00f8re et godkjenningsstevne lokalt. Alle 3 delene m\u00e5 best\u00e5s for \u00e5 f\u00e5 grunnkurset godkjent.<\/span><br \/>\n<span style=\"color: #000000;\">Med godkjent kurs kan man delta i alle stevner og arrangementer i regi av S-SSL, og \u00e5pne stevner hos klubber tilsluttet v\u00e5rt forbund DSSN (Dynamisk SportsSkyting Norge) og IPSC (det internasjonale forbundet).<\/span><\/div>\n<div><\/div>\n<h3>Totalprisen p\u00e5 kurset er 3000.- \u00a0og inkluderer:<\/h3>\n<ul>\n<li><span style=\"color: #000000;\">Teorikurs med avsluttende eksamen.<\/span><\/li>\n<li><span style=\"color: #000000;\">Praktisk skytedel med innf\u00f8ring i sikker v\u00e5penh\u00e5ndtering og gjennomf\u00f8ring av dynamiske \u00f8velser.<\/span><\/li>\n<li><span style=\"color: #000000;\">Klubbkontigent for innev\u00e6rende \u00e5r (1000.-)<\/span><\/li>\n<\/ul>\n<p>Juniorer under 18 \u00e5r betaler 1200.- for kurset.<\/p>\n<p><span style=\"color: #000000;\"><strong>Kurset holdes p\u00e5 Skytesenteret p\u00e5 Skurve. Anlegget er helt nytt og topp moderne for alle typer skyting!<\/strong><\/span><\/p>\n<p><span style=\"color: #000000;\">VIKTIG: innmelding i klubb og forbund gj\u00f8res etter fullf\u00f8rt kurs.<\/span><\/p>\n<p><span style=\"color: #000000;\">Som fullverdig medlem i S-SSL har du f\u00f8lgende fordeler:<\/span><\/p>\n<ul>\n<li><span style=\"color: #000000;\">Muligheter til \u00e5 delta p\u00e5 dynamiske stevner b\u00e5de pistol\/revolver og rifle.<\/span><\/li>\n<li><span style=\"color: #000000;\">Muligheter til \u00e5 delta p\u00e5 sivilpistol- og steelchallenge-stevner.<\/span><\/li>\n<li><span style=\"color: #000000;\">Tilgang til stort utend\u00f8rs treningsomr\u00e5de med tilh\u00f8rende utstyr.<\/span><\/li>\n<li><span style=\"color: #000000;\">St\u00f8tter opp om regulert og kontrollert skyting som sport.<\/span><\/li>\n<\/ul>\n<p><span style=\"color: #000000;\">For \u00e5 kunne delta p\u00e5 Godkjenningskurs nye skyttere IPSC m\u00e5 man ha erfaring med pistolskyting og inneha minimum et registrert h\u00e5ndv\u00e5pen. Med erfaring menes at man er aktivt medlem i en pistolklubb og gjennomf\u00f8rt deres sikkerhetskurs og v\u00e6rt medlem i over 6 mnd.<\/span><\/p>\n<p><span style=\"color: #000000;\">Krav til utstyr:<\/span><\/p>\n<ul>\n<li><span style=\"color: #000000;\">Pistol \/ revolver som er godkjent i en av IPSC divisjonene.<\/span><\/li>\n<li><span style=\"color: #000000;\">\u00a0Et sikkert og godkjent hylster som dekker avtrekker, min.\u00a03\u00a0magasiner med holder, et bredt og stivt belte.<\/span><\/li>\n<li><span style=\"color: #000000;\">H\u00f8rselvern og briller<\/span><\/li>\n<\/ul>\n<p><span style=\"color: #000000;\">Dersom du er usikker p\u00e5 om ditt utstyr er godkjent les:<\/span> <span style=\"color: #3366ff;\"><a style=\"color: #3366ff;\" href=\"https:\/\/www.ipsc.org\/pdf\/RulesHandgun.pdf\" target=\"_blank\" rel=\"noopener noreferrer\">IPSC Handgun Competition Rules<\/a><\/span><\/p>\n<p><span style=\"color: #000000;\"><strong>Dersom n\u00f8yaktig dato for neste kurs ikke er satt, blir du satt opp p3\u00e5 venteliste og kontaktet n\u00e5r vi har bestemt dato for kurset.<\/strong><\/span><\/p>\n<p><span style=\"color: #000000;\">Ved andre sp\u00f8rsm\u00e5l, ta kontakt p\u00e5:<\/span>\u00a0<span style=\"color: #3366ff;\"><a style=\"color: #3366ff;\" title=\"mailto:opplaering@stavanger-ssl.org\" href=\"mailto:post@stavanger-ssl.org\" target=\"_self\" rel=\"noopener noreferrer\">post@stavanger-ssl.org<\/a><\/span><\/p>\n","protected":false},"excerpt":{"rendered":"<p>Stavanger Sportsskytterlag Holder IPSC Godkjenningskurs. Vi setter opp kurs n\u00e5r vi har nok deltakere som viser interesse. Teori 23.03.2026 Praksis 18-19.04.2026 Trykk her for p\u00e5melding Bruk elektronisk skjema for \u00e5<\/p>\n","protected":false},"author":1,"featured_media":0,"parent":0,"menu_order":0,"comment_status":"closed","ping_status":"closed","template":"template-full-width.php","meta":{"footnotes":""},"class_list":["post-92","page","type-page","status-publish","hentry"],"_links":{"self":[{"href":"https:\/\/stavanger-ssl.org\/index.php?rest_route=\/wp\/v2\/pages\/92","targetHints":{"allow":["GET"]}}],"collection":[{"href":"https:\/\/stavanger-ssl.org\/index.php?rest_route=\/wp\/v2\/pages"}],"about":[{"href":"https:\/\/stavanger-ssl.org\/index.php?rest_route=\/wp\/v2\/types\/page"}],"author":[{"embeddable":true,"href":"https:\/\/stavanger-ssl.org\/index.php?rest_route=\/wp\/v2\/users\/1"}],"replies":[{"embeddable":true,"href":"https:\/\/stavanger-ssl.org\/index.php?rest_route=%2Fwp%2Fv2%2Fcomments&post=92"}],"version-history":[{"count":55,"href":"https:\/\/stavanger-ssl.org\/index.php?rest_route=\/wp\/v2\/pages\/92\/revisions"}],"predecessor-version":[{"id":525,"href":"https:\/\/stavanger-ssl.org\/index.php?rest_route=\/wp\/v2\/pages\/92\/revisions\/525"}],"wp:attachment":[{"href":"https:\/\/stavanger-ssl.org\/index.php?rest_route=%2Fwp%2Fv2%2Fmedia&parent=92"}],"curies":[{"name":"wp","href":"https:\/\/api.w.org\/{rel}","templated":true}]}}